{"id":2,"date":"2016-02-03T04:08:41","date_gmt":"2016-02-03T04:08:41","guid":{"rendered":"http:\/\/wp442m.a10-52-158-154.qa.plesk.ru\/wordpress\/?page_id=2"},"modified":"2016-05-11T08:13:11","modified_gmt":"2016-05-11T08:13:11","slug":"sample-page","status":"publish","type":"page","link":"http:\/\/jogapro.es\/?page_id=2","title":{"rendered":"Jogapro"},"content":{"rendered":"<p><span style=\"color: #ff6600;\"><strong><span style=\"font-family: verdana, geneva, sans-serif; font-size: 14pt;\">Somos una agencia de marketing promocional que trabajamos en la creaci\u00f3n e implantaci\u00f3n de acciones promocionales tanto en el \u00e1mbito p\u00fablico como en lo privado.<\/span><\/strong><\/span><\/p>\n<p><img loading=\"lazy\" decoding=\"async\" class=\"size-full wp-image-4372\" src=\"http:\/\/jogapro.es\/wp-content\/uploads\/2016\/02\/iStock_IMG-Joga-flors_M_B.jpg\" alt=\"Child with daisy eyes, on green grass in a summer park.\" width=\"800\" height=\"533\" srcset=\"http:\/\/jogapro.es\/wp-content\/uploads\/2016\/02\/iStock_IMG-Joga-flors_M_B.jpg 800w, http:\/\/jogapro.es\/wp-content\/uploads\/2016\/02\/iStock_IMG-Joga-flors_M_B-300x200.jpg 300w, http:\/\/jogapro.es\/wp-content\/uploads\/2016\/02\/iStock_IMG-Joga-flors_M_B-768x512.jpg 768w\" sizes=\"(max-width: 800px) 100vw, 800px\" \/><\/p>\n<p><span style=\"font-family: verdana, geneva, sans-serif; font-size: 14pt;\">Buscando, por encima de todo, la consecuci\u00f3n de los objetivos marcados por nuestros clientes.<\/span><\/p>\n<p><span style=\"font-family: verdana, geneva, sans-serif; font-size: 14pt;\">Facilitamos a nuestros clientes el <em>know-how<\/em> en producci\u00f3n, creatividad, seguridad, calidad y log\u00edstica. Con tal de poder crear conjuntamente promociones eficaces que se ajusten a sus objetivos, target y per\u00edodo promocional.<\/span><\/p>\n<p><img loading=\"lazy\" decoding=\"async\" class=\"alignnone size-full wp-image-4395\" src=\"http:\/\/jogapro.es\/wp-content\/uploads\/2016\/02\/2016-05-03-13.31.17_B.jpg\" alt=\"2016-05-03-13.31.17_B\" width=\"811\" height=\"547\" srcset=\"http:\/\/jogapro.es\/wp-content\/uploads\/2016\/02\/2016-05-03-13.31.17_B.jpg 811w, http:\/\/jogapro.es\/wp-content\/uploads\/2016\/02\/2016-05-03-13.31.17_B-300x202.jpg 300w, http:\/\/jogapro.es\/wp-content\/uploads\/2016\/02\/2016-05-03-13.31.17_B-768x518.jpg 768w\" sizes=\"(max-width: 811px) 100vw, 811px\" \/><\/p>\n<p><span style=\"font-family: verdana, geneva, sans-serif; font-size: 14pt; color: #ff6600;\"><strong>NUESTRO TRABAJO CONSISTE EN:<\/strong><\/span><\/p>\n<ul>\n<li><span style=\"font-family: verdana, geneva, sans-serif; font-size: 14pt; color: #ff6600;\">Escuchar y conocer a nuestro cliente.<\/span><\/li>\n<li><span style=\"font-family: verdana, geneva, sans-serif; font-size: 14pt; color: #ff6600;\">Crear conceptos de marketing.<\/span><\/li>\n<li><span style=\"font-family: verdana, geneva, sans-serif; font-size: 14pt; color: #ff6600;\">Aplicar la creatividad para la creaci\u00f3n de la campa\u00f1a.<\/span><\/li>\n<li><span style=\"font-family: verdana, geneva, sans-serif; font-size: 14pt; color: #ff6600;\">Plasmaci\u00f3n del concepto en 3D.<\/span><\/li>\n<li><span style=\"font-family: verdana, geneva, sans-serif; font-size: 14pt; color: #ff6600;\">Producci\u00f3n.<\/span><\/li>\n<\/ul>\n<p><span style=\"font-family: verdana, geneva, sans-serif; font-size: 10pt;\"><strong>Todos nuestros productos cumplen las exigencias de la Normativa Europea del Juguete EN-71, en cuanto a las propiedades mec\u00e1nicas y f\u00edsicas, inflamabilidad y toxicidad.<\/strong><\/span><\/p>\n<p><span style=\"font-family: verdana, geneva, sans-serif; font-size: 10pt;\"><strong>Todas nuestras acciones promocionales est\u00e1n certificadas en origen de acuerdo a las contrataciones especificadas con el cliente.<\/strong><\/span><\/p>","protected":false},"excerpt":{"rendered":"<p>Somos una agencia de marketing promocional que trabajamos en la creaci\u00f3n e implantaci\u00f3n de acciones promocionales tanto en el \u00e1mbito p\u00fablico como en lo privado. Buscando, por encima de todo, la consecuci\u00f3n de los objetivos marcados por nuestros clientes. Facilitamos a nuestros clientes el know-how en producci\u00f3n, creatividad, seguridad, calidad y log\u00edstica. Con tal de [&hellip;]<\/p>\n","protected":false},"author":1,"featured_media":0,"parent":0,"menu_order":2,"comment_status":"closed","ping_status":"closed","template":"","meta":{"footnotes":""},"class_list":["post-2","page","type-page","status-publish","hentry"],"_links":{"self":[{"href":"http:\/\/jogapro.es\/index.php?rest_route=\/wp\/v2\/pages\/2"}],"collection":[{"href":"http:\/\/jogapro.es\/index.php?rest_route=\/wp\/v2\/pages"}],"about":[{"href":"http:\/\/jogapro.es\/index.php?rest_route=\/wp\/v2\/types\/page"}],"author":[{"embeddable":true,"href":"http:\/\/jogapro.es\/index.php?rest_route=\/wp\/v2\/users\/1"}],"replies":[{"embeddable":true,"href":"http:\/\/jogapro.es\/index.php?rest_route=%2Fwp%2Fv2%2Fcomments&post=2"}],"version-history":[{"count":38,"href":"http:\/\/jogapro.es\/index.php?rest_route=\/wp\/v2\/pages\/2\/revisions"}],"predecessor-version":[{"id":4401,"href":"http:\/\/jogapro.es\/index.php?rest_route=\/wp\/v2\/pages\/2\/revisions\/4401"}],"wp:attachment":[{"href":"http:\/\/jogapro.es\/index.php?rest_route=%2Fwp%2Fv2%2Fmedia&parent=2"}],"curies":[{"name":"wp","href":"https:\/\/api.w.org\/{rel}","templated":true}]}}